{"id":12048,"date":"2024-03-07T14:23:21","date_gmt":"2024-03-07T13:23:21","guid":{"rendered":"https:\/\/maksat.mk\/?post_type=product&#038;p=12048"},"modified":"2025-01-10T13:13:20","modified_gmt":"2025-01-10T12:13:20","slug":"profi-set-fiberglass-rod-80m-f-4-5mm","status":"publish","type":"product","link":"https:\/\/maksat.mk\/mk\/produkt\/profi-set-fiberglass-rod-80m-f-4-5mm\/","title":{"rendered":"PROFI-SET FIBERGLASS ROD 80m f 4.5mm"},"content":{"rendered":"<p>GF4.5 fiberglass rod (duct rodders) \u00d8 4.5 mm Profi-Set &#8211; RUNPOTEC RTG \u00d8 6 mm thread with robust steel reel \u00d8 330 mm (CDP\/powder coated) with new double run-out system (automatic run-out brake and quick run-out), additional parking brake, extendable feet and storage compartment for accessories. Fiberglass rod breaking load 1300 kg, total breaking load 220 kg.<br \/>\nOptimal field of application: for pipe diameters 30 mm &#8211; 80 mm.<\/p>","protected":false},"excerpt":{"rendered":"<p>GF4.5 fiberglass rod (duct rodders) \u00d8 4.5 mm Profi-Set &#8211; RUNPOTEC RTG \u00d8 6 mm thread with robust steel reel \u00d8 330 mm (CDP\/powder coated) with new double run-out system<\/p>","protected":false},"featured_media":12049,"template":"","meta":[],"pwb-brand":[],"product_cat":[231,283],"product_tag":[],"class_list":{"0":"post-12048","1":"product","2":"type-product","3":"status-publish","4":"has-post-thumbnail","6":"product_cat-tools","7":"product_cat-cable-pulling","9":"first","10":"instock","11":"taxable","12":"shipping-taxable","13":"purchasable","14":"product-type-simple"},"yoast_head":"<!-- This site is optimized with the Yoast SEO plugin v26.6 - https:\/\/yoast.com\/wordpress\/plugins\/seo\/ -->\n<title>PROFI-SET FIBERGLASS ROD 80m f 4.5mm - eStore MAKSAT<\/title>\n<meta name=\"robots\" content=\"index, follow, max-snippet:-1, max-image-preview:large, max-video-preview:-1\" \/>\n<link rel=\"canonical\" href=\"https:\/\/maksat.mk\/mk\/produkt\/profi-set-fiberglass-rod-80m-f-4-5mm\/\" \/>\n<meta property=\"og:locale\" content=\"mk_MK\" \/>\n<meta property=\"og:type\" content=\"article\" \/>\n<meta property=\"og:title\" content=\"PROFI-SET FIBERGLASS ROD 80m f 4.5mm - eStore MAKSAT\" \/>\n<meta property=\"og:description\" content=\"GF4.5 fiberglass rod (duct rodders) \u00d8 4.5 mm Profi-Set &#8211; RUNPOTEC RTG \u00d8 6 mm thread with robust steel reel \u00d8 330 mm (CDP\/powder coated) with new double run-out system\" \/>\n<meta property=\"og:url\" content=\"https:\/\/maksat.mk\/mk\/produkt\/profi-set-fiberglass-rod-80m-f-4-5mm\/\" \/>\n<meta property=\"og:site_name\" content=\"eStore MAKSAT\" \/>\n<meta property=\"article:publisher\" content=\"https:\/\/facebook.com\/www.maksat.mk\" \/>\n<meta property=\"article:modified_time\" content=\"2025-01-10T12:13:20+00:00\" \/>\n<meta property=\"og:image\" content=\"https:\/\/maksat.mk\/wp-content\/uploads\/2024\/03\/61000.jpg\" \/>\n\t<meta property=\"og:image:width\" content=\"500\" \/>\n\t<meta property=\"og:image:height\" content=\"500\" \/>\n\t<meta property=\"og:image:type\" content=\"image\/jpeg\" \/>\n<meta name=\"twitter:card\" content=\"summary_large_image\" \/>\n<script type=\"application\/ld+json\" class=\"yoast-schema-graph\">{\"@context\":\"https:\/\/schema.org\",\"@graph\":[{\"@type\":\"WebPage\",\"@id\":\"https:\/\/maksat.mk\/produkt\/profi-set-fiberglass-rod-80m-f-4-5mm\/\",\"url\":\"https:\/\/maksat.mk\/produkt\/profi-set-fiberglass-rod-80m-f-4-5mm\/\",\"name\":\"PROFI-SET FIBERGLASS ROD 80m f 4.5mm - eStore MAKSAT\",\"isPartOf\":{\"@id\":\"https:\/\/maksat.mk\/#website\"},\"primaryImageOfPage\":{\"@id\":\"https:\/\/maksat.mk\/produkt\/profi-set-fiberglass-rod-80m-f-4-5mm\/#primaryimage\"},\"image\":{\"@id\":\"https:\/\/maksat.mk\/produkt\/profi-set-fiberglass-rod-80m-f-4-5mm\/#primaryimage\"},\"thumbnailUrl\":\"https:\/\/maksat.mk\/wp-content\/uploads\/2024\/03\/61000.jpg\",\"datePublished\":\"2024-03-07T13:23:21+00:00\",\"dateModified\":\"2025-01-10T12:13:20+00:00\",\"breadcrumb\":{\"@id\":\"https:\/\/maksat.mk\/produkt\/profi-set-fiberglass-rod-80m-f-4-5mm\/#breadcrumb\"},\"inLanguage\":\"mk-MK\",\"potentialAction\":[{\"@type\":\"ReadAction\",\"target\":[\"https:\/\/maksat.mk\/produkt\/profi-set-fiberglass-rod-80m-f-4-5mm\/\"]}]},{\"@type\":\"ImageObject\",\"inLanguage\":\"mk-MK\",\"@id\":\"https:\/\/maksat.mk\/produkt\/profi-set-fiberglass-rod-80m-f-4-5mm\/#primaryimage\",\"url\":\"https:\/\/maksat.mk\/wp-content\/uploads\/2024\/03\/61000.jpg\",\"contentUrl\":\"https:\/\/maksat.mk\/wp-content\/uploads\/2024\/03\/61000.jpg\",\"width\":500,\"height\":500},{\"@type\":\"BreadcrumbList\",\"@id\":\"https:\/\/maksat.mk\/produkt\/profi-set-fiberglass-rod-80m-f-4-5mm\/#breadcrumb\",\"itemListElement\":[{\"@type\":\"ListItem\",\"position\":1,\"name\":\"Home\",\"item\":\"https:\/\/maksat.mk\/\"},{\"@type\":\"ListItem\",\"position\":2,\"name\":\"Products\",\"item\":\"https:\/\/maksat.mk\/shop-2\/\"},{\"@type\":\"ListItem\",\"position\":3,\"name\":\"PROFI-SET FIBERGLASS ROD 80m f 4.5mm\"}]},{\"@type\":\"WebSite\",\"@id\":\"https:\/\/maksat.mk\/#website\",\"url\":\"https:\/\/maksat.mk\/\",\"name\":\"eStore MAKSAT\",\"description\":\"Maksat - Making communications easy\",\"publisher\":{\"@id\":\"https:\/\/maksat.mk\/#organization\"},\"alternateName\":\"MAKSAT DOO Skopje\",\"potentialAction\":[{\"@type\":\"SearchAction\",\"target\":{\"@type\":\"EntryPoint\",\"urlTemplate\":\"https:\/\/maksat.mk\/?s={search_term_string}\"},\"query-input\":{\"@type\":\"PropertyValueSpecification\",\"valueRequired\":true,\"valueName\":\"search_term_string\"}}],\"inLanguage\":\"mk-MK\"},{\"@type\":\"Organization\",\"@id\":\"https:\/\/maksat.mk\/#organization\",\"name\":\"MAKSAT DOO Skopje\",\"url\":\"https:\/\/maksat.mk\/\",\"logo\":{\"@type\":\"ImageObject\",\"inLanguage\":\"mk-MK\",\"@id\":\"https:\/\/maksat.mk\/#\/schema\/logo\/image\/\",\"url\":\"https:\/\/maksat.mk\/wp-content\/uploads\/2022\/05\/logo_maksat-1000x468-1.png\",\"contentUrl\":\"https:\/\/maksat.mk\/wp-content\/uploads\/2022\/05\/logo_maksat-1000x468-1.png\",\"width\":1000,\"height\":468,\"caption\":\"MAKSAT DOO Skopje\"},\"image\":{\"@id\":\"https:\/\/maksat.mk\/#\/schema\/logo\/image\/\"},\"sameAs\":[\"https:\/\/facebook.com\/www.maksat.mk\"]}]}<\/script>\n<!-- \/ Yoast SEO plugin. -->","yoast_head_json":{"title":"PROFI-SET FIBERGLASS ROD 80m f 4.5mm - eStore MAKSAT","robots":{"index":"index","follow":"follow","max-snippet":"max-snippet:-1","max-image-preview":"max-image-preview:large","max-video-preview":"max-video-preview:-1"},"canonical":"https:\/\/maksat.mk\/mk\/produkt\/profi-set-fiberglass-rod-80m-f-4-5mm\/","og_locale":"mk_MK","og_type":"article","og_title":"PROFI-SET FIBERGLASS ROD 80m f 4.5mm - eStore MAKSAT","og_description":"GF4.5 fiberglass rod (duct rodders) \u00d8 4.5 mm Profi-Set &#8211; RUNPOTEC RTG \u00d8 6 mm thread with robust steel reel \u00d8 330 mm (CDP\/powder coated) with new double run-out system","og_url":"https:\/\/maksat.mk\/mk\/produkt\/profi-set-fiberglass-rod-80m-f-4-5mm\/","og_site_name":"eStore MAKSAT","article_publisher":"https:\/\/facebook.com\/www.maksat.mk","article_modified_time":"2025-01-10T12:13:20+00:00","og_image":[{"width":500,"height":500,"url":"https:\/\/maksat.mk\/wp-content\/uploads\/2024\/03\/61000.jpg","type":"image\/jpeg"}],"twitter_card":"summary_large_image","schema":{"@context":"https:\/\/schema.org","@graph":[{"@type":"WebPage","@id":"https:\/\/maksat.mk\/produkt\/profi-set-fiberglass-rod-80m-f-4-5mm\/","url":"https:\/\/maksat.mk\/produkt\/profi-set-fiberglass-rod-80m-f-4-5mm\/","name":"PROFI-SET FIBERGLASS ROD 80m f 4.5mm - eStore MAKSAT","isPartOf":{"@id":"https:\/\/maksat.mk\/#website"},"primaryImageOfPage":{"@id":"https:\/\/maksat.mk\/produkt\/profi-set-fiberglass-rod-80m-f-4-5mm\/#primaryimage"},"image":{"@id":"https:\/\/maksat.mk\/produkt\/profi-set-fiberglass-rod-80m-f-4-5mm\/#primaryimage"},"thumbnailUrl":"https:\/\/maksat.mk\/wp-content\/uploads\/2024\/03\/61000.jpg","datePublished":"2024-03-07T13:23:21+00:00","dateModified":"2025-01-10T12:13:20+00:00","breadcrumb":{"@id":"https:\/\/maksat.mk\/produkt\/profi-set-fiberglass-rod-80m-f-4-5mm\/#breadcrumb"},"inLanguage":"mk-MK","potentialAction":[{"@type":"ReadAction","target":["https:\/\/maksat.mk\/produkt\/profi-set-fiberglass-rod-80m-f-4-5mm\/"]}]},{"@type":"ImageObject","inLanguage":"mk-MK","@id":"https:\/\/maksat.mk\/produkt\/profi-set-fiberglass-rod-80m-f-4-5mm\/#primaryimage","url":"https:\/\/maksat.mk\/wp-content\/uploads\/2024\/03\/61000.jpg","contentUrl":"https:\/\/maksat.mk\/wp-content\/uploads\/2024\/03\/61000.jpg","width":500,"height":500},{"@type":"BreadcrumbList","@id":"https:\/\/maksat.mk\/produkt\/profi-set-fiberglass-rod-80m-f-4-5mm\/#breadcrumb","itemListElement":[{"@type":"ListItem","position":1,"name":"Home","item":"https:\/\/maksat.mk\/"},{"@type":"ListItem","position":2,"name":"Products","item":"https:\/\/maksat.mk\/shop-2\/"},{"@type":"ListItem","position":3,"name":"PROFI-SET FIBERGLASS ROD 80m f 4.5mm"}]},{"@type":"WebSite","@id":"https:\/\/maksat.mk\/#website","url":"https:\/\/maksat.mk\/","name":"eStore MAKSAT","description":"Maksat - Making communications easy","publisher":{"@id":"https:\/\/maksat.mk\/#organization"},"alternateName":"MAKSAT DOO Skopje","potentialAction":[{"@type":"SearchAction","target":{"@type":"EntryPoint","urlTemplate":"https:\/\/maksat.mk\/?s={search_term_string}"},"query-input":{"@type":"PropertyValueSpecification","valueRequired":true,"valueName":"search_term_string"}}],"inLanguage":"mk-MK"},{"@type":"Organization","@id":"https:\/\/maksat.mk\/#organization","name":"MAKSAT DOO Skopje","url":"https:\/\/maksat.mk\/","logo":{"@type":"ImageObject","inLanguage":"mk-MK","@id":"https:\/\/maksat.mk\/#\/schema\/logo\/image\/","url":"https:\/\/maksat.mk\/wp-content\/uploads\/2022\/05\/logo_maksat-1000x468-1.png","contentUrl":"https:\/\/maksat.mk\/wp-content\/uploads\/2022\/05\/logo_maksat-1000x468-1.png","width":1000,"height":468,"caption":"MAKSAT DOO Skopje"},"image":{"@id":"https:\/\/maksat.mk\/#\/schema\/logo\/image\/"},"sameAs":["https:\/\/facebook.com\/www.maksat.mk"]}]}},"brands":[],"_links":{"self":[{"href":"https:\/\/maksat.mk\/mk\/wp-json\/wp\/v2\/product\/12048","targetHints":{"allow":["GET"]}}],"collection":[{"href":"https:\/\/maksat.mk\/mk\/wp-json\/wp\/v2\/product"}],"about":[{"href":"https:\/\/maksat.mk\/mk\/wp-json\/wp\/v2\/types\/product"}],"wp:featuredmedia":[{"embeddable":true,"href":"https:\/\/maksat.mk\/mk\/wp-json\/wp\/v2\/media\/12049"}],"wp:attachment":[{"href":"https:\/\/maksat.mk\/mk\/wp-json\/wp\/v2\/media?parent=12048"}],"wp:term":[{"taxonomy":"pwb-brand","embeddable":true,"href":"https:\/\/maksat.mk\/mk\/wp-json\/wp\/v2\/pwb-brand?post=12048"},{"taxonomy":"product_cat","embeddable":true,"href":"https:\/\/maksat.mk\/mk\/wp-json\/wp\/v2\/product_cat?post=12048"},{"taxonomy":"product_tag","embeddable":true,"href":"https:\/\/maksat.mk\/mk\/wp-json\/wp\/v2\/product_tag?post=12048"}],"curies":[{"name":"wp","href":"https:\/\/api.w.org\/{rel}","templated":true}]}}