{"id":12050,"date":"2024-03-07T15:19:09","date_gmt":"2024-03-07T14:19:09","guid":{"rendered":"https:\/\/maksat.mk\/?post_type=product&#038;p=12050"},"modified":"2025-01-10T13:13:09","modified_gmt":"2025-01-10T12:13:09","slug":"flexibile-leading-head-runposticks13-set","status":"publish","type":"product","link":"https:\/\/maksat.mk\/mk\/produkt\/flexibile-leading-head-runposticks13-set\/","title":{"rendered":"Flexibile Leading Head Runposticks13 Set"},"content":{"rendered":"<p>The use of the RUNPOSTICKS creates a flexible guide tip, which allows tighter bends to be overcome without any problems. The rods can each be extended by 1 m and can be adapted as softer guide probes to fiberglass rods \u00d8 7.5 mm, \u00d8 9 mm and also \u00d8 11 mm. In addition, it is also possible to screw on accessories at the tip, such as rollers or RG guiding head RUNPOGLIDER with swivel.<br \/>\nScope of supply: 1 x Flexibel leading head-set &#8211; RUNPOSTICKS 13-piece consisting of: 2 x RUNPOSTICKS yellow \u00d8 4.5 mm (soft), 2 x RUNPOSTICKS black \u00d8 5.5 mm (medium), 2 x RUNPOSTICKS red \u00d8 7.5 mm (hard), 1 x RG7 guiding head with front thread, 1 x roller \u00d8 25 mm, 3 x coupling joint, 1 x blind cap, 1 x starting head \u00d8 20 mm RTG \u00d8 12mm, 1 x storage bag<\/p>","protected":false},"excerpt":{"rendered":"<p>The use of the RUNPOSTICKS creates a flexible guide tip, which allows tighter bends to be overcome without any problems. The rods can each be extended by 1 m and<\/p>","protected":false},"featured_media":12051,"template":"","meta":[],"pwb-brand":[],"product_cat":[231,283],"product_tag":[],"class_list":{"0":"post-12050","1":"product","2":"type-product","3":"status-publish","4":"has-post-thumbnail","6":"product_cat-tools","7":"product_cat-cable-pulling","9":"first","10":"instock","11":"taxable","12":"shipping-taxable","13":"purchasable","14":"product-type-simple"},"yoast_head":"<!-- This site is optimized with the Yoast SEO plugin v26.6 - https:\/\/yoast.com\/wordpress\/plugins\/seo\/ -->\n<title>Flexibile Leading Head Runposticks13 Set - eStore MAKSAT<\/title>\n<meta name=\"robots\" content=\"index, follow, max-snippet:-1, max-image-preview:large, max-video-preview:-1\" \/>\n<link rel=\"canonical\" href=\"https:\/\/maksat.mk\/mk\/produkt\/flexibile-leading-head-runposticks13-set\/\" \/>\n<meta property=\"og:locale\" content=\"mk_MK\" \/>\n<meta property=\"og:type\" content=\"article\" \/>\n<meta property=\"og:title\" content=\"Flexibile Leading Head Runposticks13 Set - eStore MAKSAT\" \/>\n<meta property=\"og:description\" content=\"The use of the RUNPOSTICKS creates a flexible guide tip, which allows tighter bends to be overcome without any problems. The rods can each be extended by 1 m and\" \/>\n<meta property=\"og:url\" content=\"https:\/\/maksat.mk\/mk\/produkt\/flexibile-leading-head-runposticks13-set\/\" \/>\n<meta property=\"og:site_name\" content=\"eStore MAKSAT\" \/>\n<meta property=\"article:publisher\" content=\"https:\/\/facebook.com\/www.maksat.mk\" \/>\n<meta property=\"article:modified_time\" content=\"2025-01-10T12:13:09+00:00\" \/>\n<meta property=\"og:image\" content=\"https:\/\/maksat.mk\/wp-content\/uploads\/2024\/03\/61003C.jpg\" \/>\n\t<meta property=\"og:image:width\" content=\"500\" \/>\n\t<meta property=\"og:image:height\" content=\"500\" \/>\n\t<meta property=\"og:image:type\" content=\"image\/jpeg\" \/>\n<meta name=\"twitter:card\" content=\"summary_large_image\" \/>\n<meta name=\"twitter:label1\" content=\"Est. reading time\" \/>\n\t<meta name=\"twitter:data1\" content=\"1 \u043c\u0438\u043d\u0443\u0442\u0430\" \/>\n<script type=\"application\/ld+json\" class=\"yoast-schema-graph\">{\"@context\":\"https:\/\/schema.org\",\"@graph\":[{\"@type\":\"WebPage\",\"@id\":\"https:\/\/maksat.mk\/produkt\/flexibile-leading-head-runposticks13-set\/\",\"url\":\"https:\/\/maksat.mk\/produkt\/flexibile-leading-head-runposticks13-set\/\",\"name\":\"Flexibile Leading Head Runposticks13 Set - eStore MAKSAT\",\"isPartOf\":{\"@id\":\"https:\/\/maksat.mk\/#website\"},\"primaryImageOfPage\":{\"@id\":\"https:\/\/maksat.mk\/produkt\/flexibile-leading-head-runposticks13-set\/#primaryimage\"},\"image\":{\"@id\":\"https:\/\/maksat.mk\/produkt\/flexibile-leading-head-runposticks13-set\/#primaryimage\"},\"thumbnailUrl\":\"https:\/\/maksat.mk\/wp-content\/uploads\/2024\/03\/61003C.jpg\",\"datePublished\":\"2024-03-07T14:19:09+00:00\",\"dateModified\":\"2025-01-10T12:13:09+00:00\",\"breadcrumb\":{\"@id\":\"https:\/\/maksat.mk\/produkt\/flexibile-leading-head-runposticks13-set\/#breadcrumb\"},\"inLanguage\":\"mk-MK\",\"potentialAction\":[{\"@type\":\"ReadAction\",\"target\":[\"https:\/\/maksat.mk\/produkt\/flexibile-leading-head-runposticks13-set\/\"]}]},{\"@type\":\"ImageObject\",\"inLanguage\":\"mk-MK\",\"@id\":\"https:\/\/maksat.mk\/produkt\/flexibile-leading-head-runposticks13-set\/#primaryimage\",\"url\":\"https:\/\/maksat.mk\/wp-content\/uploads\/2024\/03\/61003C.jpg\",\"contentUrl\":\"https:\/\/maksat.mk\/wp-content\/uploads\/2024\/03\/61003C.jpg\",\"width\":500,\"height\":500},{\"@type\":\"BreadcrumbList\",\"@id\":\"https:\/\/maksat.mk\/produkt\/flexibile-leading-head-runposticks13-set\/#breadcrumb\",\"itemListElement\":[{\"@type\":\"ListItem\",\"position\":1,\"name\":\"Home\",\"item\":\"https:\/\/maksat.mk\/\"},{\"@type\":\"ListItem\",\"position\":2,\"name\":\"Products\",\"item\":\"https:\/\/maksat.mk\/shop-2\/\"},{\"@type\":\"ListItem\",\"position\":3,\"name\":\"Flexibile Leading Head Runposticks13 Set\"}]},{\"@type\":\"WebSite\",\"@id\":\"https:\/\/maksat.mk\/#website\",\"url\":\"https:\/\/maksat.mk\/\",\"name\":\"eStore MAKSAT\",\"description\":\"Maksat - Making communications easy\",\"publisher\":{\"@id\":\"https:\/\/maksat.mk\/#organization\"},\"alternateName\":\"MAKSAT DOO Skopje\",\"potentialAction\":[{\"@type\":\"SearchAction\",\"target\":{\"@type\":\"EntryPoint\",\"urlTemplate\":\"https:\/\/maksat.mk\/?s={search_term_string}\"},\"query-input\":{\"@type\":\"PropertyValueSpecification\",\"valueRequired\":true,\"valueName\":\"search_term_string\"}}],\"inLanguage\":\"mk-MK\"},{\"@type\":\"Organization\",\"@id\":\"https:\/\/maksat.mk\/#organization\",\"name\":\"MAKSAT DOO Skopje\",\"url\":\"https:\/\/maksat.mk\/\",\"logo\":{\"@type\":\"ImageObject\",\"inLanguage\":\"mk-MK\",\"@id\":\"https:\/\/maksat.mk\/#\/schema\/logo\/image\/\",\"url\":\"https:\/\/maksat.mk\/wp-content\/uploads\/2022\/05\/logo_maksat-1000x468-1.png\",\"contentUrl\":\"https:\/\/maksat.mk\/wp-content\/uploads\/2022\/05\/logo_maksat-1000x468-1.png\",\"width\":1000,\"height\":468,\"caption\":\"MAKSAT DOO Skopje\"},\"image\":{\"@id\":\"https:\/\/maksat.mk\/#\/schema\/logo\/image\/\"},\"sameAs\":[\"https:\/\/facebook.com\/www.maksat.mk\"]}]}<\/script>\n<!-- \/ Yoast SEO plugin. -->","yoast_head_json":{"title":"Flexibile Leading Head Runposticks13 Set - eStore MAKSAT","robots":{"index":"index","follow":"follow","max-snippet":"max-snippet:-1","max-image-preview":"max-image-preview:large","max-video-preview":"max-video-preview:-1"},"canonical":"https:\/\/maksat.mk\/mk\/produkt\/flexibile-leading-head-runposticks13-set\/","og_locale":"mk_MK","og_type":"article","og_title":"Flexibile Leading Head Runposticks13 Set - eStore MAKSAT","og_description":"The use of the RUNPOSTICKS creates a flexible guide tip, which allows tighter bends to be overcome without any problems. The rods can each be extended by 1 m and","og_url":"https:\/\/maksat.mk\/mk\/produkt\/flexibile-leading-head-runposticks13-set\/","og_site_name":"eStore MAKSAT","article_publisher":"https:\/\/facebook.com\/www.maksat.mk","article_modified_time":"2025-01-10T12:13:09+00:00","og_image":[{"width":500,"height":500,"url":"https:\/\/maksat.mk\/wp-content\/uploads\/2024\/03\/61003C.jpg","type":"image\/jpeg"}],"twitter_card":"summary_large_image","twitter_misc":{"Est. reading time":"1 \u043c\u0438\u043d\u0443\u0442\u0430"},"schema":{"@context":"https:\/\/schema.org","@graph":[{"@type":"WebPage","@id":"https:\/\/maksat.mk\/produkt\/flexibile-leading-head-runposticks13-set\/","url":"https:\/\/maksat.mk\/produkt\/flexibile-leading-head-runposticks13-set\/","name":"Flexibile Leading Head Runposticks13 Set - eStore MAKSAT","isPartOf":{"@id":"https:\/\/maksat.mk\/#website"},"primaryImageOfPage":{"@id":"https:\/\/maksat.mk\/produkt\/flexibile-leading-head-runposticks13-set\/#primaryimage"},"image":{"@id":"https:\/\/maksat.mk\/produkt\/flexibile-leading-head-runposticks13-set\/#primaryimage"},"thumbnailUrl":"https:\/\/maksat.mk\/wp-content\/uploads\/2024\/03\/61003C.jpg","datePublished":"2024-03-07T14:19:09+00:00","dateModified":"2025-01-10T12:13:09+00:00","breadcrumb":{"@id":"https:\/\/maksat.mk\/produkt\/flexibile-leading-head-runposticks13-set\/#breadcrumb"},"inLanguage":"mk-MK","potentialAction":[{"@type":"ReadAction","target":["https:\/\/maksat.mk\/produkt\/flexibile-leading-head-runposticks13-set\/"]}]},{"@type":"ImageObject","inLanguage":"mk-MK","@id":"https:\/\/maksat.mk\/produkt\/flexibile-leading-head-runposticks13-set\/#primaryimage","url":"https:\/\/maksat.mk\/wp-content\/uploads\/2024\/03\/61003C.jpg","contentUrl":"https:\/\/maksat.mk\/wp-content\/uploads\/2024\/03\/61003C.jpg","width":500,"height":500},{"@type":"BreadcrumbList","@id":"https:\/\/maksat.mk\/produkt\/flexibile-leading-head-runposticks13-set\/#breadcrumb","itemListElement":[{"@type":"ListItem","position":1,"name":"Home","item":"https:\/\/maksat.mk\/"},{"@type":"ListItem","position":2,"name":"Products","item":"https:\/\/maksat.mk\/shop-2\/"},{"@type":"ListItem","position":3,"name":"Flexibile Leading Head Runposticks13 Set"}]},{"@type":"WebSite","@id":"https:\/\/maksat.mk\/#website","url":"https:\/\/maksat.mk\/","name":"eStore MAKSAT","description":"Maksat - Making communications easy","publisher":{"@id":"https:\/\/maksat.mk\/#organization"},"alternateName":"MAKSAT DOO Skopje","potentialAction":[{"@type":"SearchAction","target":{"@type":"EntryPoint","urlTemplate":"https:\/\/maksat.mk\/?s={search_term_string}"},"query-input":{"@type":"PropertyValueSpecification","valueRequired":true,"valueName":"search_term_string"}}],"inLanguage":"mk-MK"},{"@type":"Organization","@id":"https:\/\/maksat.mk\/#organization","name":"MAKSAT DOO Skopje","url":"https:\/\/maksat.mk\/","logo":{"@type":"ImageObject","inLanguage":"mk-MK","@id":"https:\/\/maksat.mk\/#\/schema\/logo\/image\/","url":"https:\/\/maksat.mk\/wp-content\/uploads\/2022\/05\/logo_maksat-1000x468-1.png","contentUrl":"https:\/\/maksat.mk\/wp-content\/uploads\/2022\/05\/logo_maksat-1000x468-1.png","width":1000,"height":468,"caption":"MAKSAT DOO Skopje"},"image":{"@id":"https:\/\/maksat.mk\/#\/schema\/logo\/image\/"},"sameAs":["https:\/\/facebook.com\/www.maksat.mk"]}]}},"brands":[],"_links":{"self":[{"href":"https:\/\/maksat.mk\/mk\/wp-json\/wp\/v2\/product\/12050","targetHints":{"allow":["GET"]}}],"collection":[{"href":"https:\/\/maksat.mk\/mk\/wp-json\/wp\/v2\/product"}],"about":[{"href":"https:\/\/maksat.mk\/mk\/wp-json\/wp\/v2\/types\/product"}],"wp:featuredmedia":[{"embeddable":true,"href":"https:\/\/maksat.mk\/mk\/wp-json\/wp\/v2\/media\/12051"}],"wp:attachment":[{"href":"https:\/\/maksat.mk\/mk\/wp-json\/wp\/v2\/media?parent=12050"}],"wp:term":[{"taxonomy":"pwb-brand","embeddable":true,"href":"https:\/\/maksat.mk\/mk\/wp-json\/wp\/v2\/pwb-brand?post=12050"},{"taxonomy":"product_cat","embeddable":true,"href":"https:\/\/maksat.mk\/mk\/wp-json\/wp\/v2\/product_cat?post=12050"},{"taxonomy":"product_tag","embeddable":true,"href":"https:\/\/maksat.mk\/mk\/wp-json\/wp\/v2\/product_tag?post=12050"}],"curies":[{"name":"wp","href":"https:\/\/api.w.org\/{rel}","templated":true}]}}